{"id":9436,"date":"2019-08-30T11:52:53","date_gmt":"2019-08-30T09:52:53","guid":{"rendered":"https:\/\/jemnezrozeni.cz\/?page_id=9436"},"modified":"2019-08-30T11:53:26","modified_gmt":"2019-08-30T09:53:26","slug":"due-date-calculator","status":"publish","type":"page","link":"https:\/\/staging.jemnezrozeni.cz\/en\/due-date-calculator\/","title":{"rendered":"Due date calculator"},"content":{"rendered":"\n<p><a href=\"https:\/\/www.bbc.com\/news\/health-23594668\">Research<\/a> suggests that the duration of pregnancy may naturally vary by up to five weeks. The date of birth can be determined by calculating 280 days after the start of the last menstruation or more precisely by ultrasound. However, <strong>only 4%<\/strong> of women give birth on the &#8220;deadline&#8221; and only <strong>70%<\/strong> <strong>within 10 days<\/strong> of their anticipated due date.<\/p>\n\n\n\n<p>Often, induction starts at 41 + 3 or even earlier. So it is before it is even possible to label pregnancy as <a href=\"https:\/\/midwifethinking.com\/2016\/07\/13\/induction-of-labour-balancing-risks\/\">prolonged<\/a>. Very few women experience a really prolonged pregnancy. The idea of \u200b\u200bpost dates also includes the assumption that every pregnancy lasts the same time. However, the &#8216;normal&#8217; pregnancy of individual women seems to be affected by genetic differences.<\/p>\n\n\n\n<p>Previous studies have shown that baby <a href=\"https:\/\/www.sciencedaily.com\/releases\/2015\/06\/150622162023.htm\">signals for labour<\/a> to start, but the precise molecular mechanisms that initiate childbirth remain unclear. Biochemists from UT Southwestern studied models of mice found that two proteins &#8211; steroid receptors coactivators 1 and 2 (SRC-1 and SRC-2), &#8211; regulatory genes for surface active lung components, promote the onset of labour.<\/p>\n","protected":false},"excerpt":{"rendered":"<p>Research suggests that the duration of pregnancy may naturally vary by up to five weeks. The date of birth can be determined by calculating 280 days after the start of the last menstruation or more precisely by ultrasound. However, only 4% of women give birth on the &#8220;deadline&#8221; and only 70% within 10 days of &hellip; <a href=\"https:\/\/staging.jemnezrozeni.cz\/en\/due-date-calculator\/\">Continued<\/a><\/p>\n","protected":false},"author":292,"featured_media":0,"parent":0,"menu_order":0,"comment_status":"closed","ping_status":"closed","template":"page-tehotenska-kalkulacka.php","meta":{"_acf_changed":false,"footnotes":""},"class_list":["post-9436","page","type-page","status-publish","hentry"],"acf":[],"yoast_head":"<!-- This site is optimized with the Yoast SEO plugin v27.3 - https:\/\/yoast.com\/product\/yoast-seo-wordpress\/ -->\n<title>Due date calculator - Jemn\u00e9 Zrozen\u00ed<\/title>\n<meta name=\"robots\" content=\"noindex, follow, max-snippet:-1, max-image-preview:large, max-video-preview:-1\" \/>\n<meta property=\"og:locale\" content=\"en_US\" \/>\n<meta property=\"og:type\" content=\"article\" \/>\n<meta property=\"og:title\" content=\"Due date calculator - Jemn\u00e9 Zrozen\u00ed\" \/>\n<meta property=\"og:description\" content=\"Research suggests that the duration of pregnancy may naturally vary by up to five weeks. The date of birth can be determined by calculating 280 days after the start of the last menstruation or more precisely by ultrasound. However, only 4% of women give birth on the &#8220;deadline&#8221; and only 70% within 10 days of &hellip; Continued\" \/>\n<meta property=\"og:url\" content=\"https:\/\/staging.jemnezrozeni.cz\/en\/due-date-calculator\/\" \/>\n<meta property=\"og:site_name\" content=\"Jemn\u00e9 Zrozen\u00ed\" \/>\n<meta property=\"article:modified_time\" content=\"2019-08-30T09:53:26+00:00\" \/>\n<meta name=\"twitter:card\" content=\"summary_large_image\" \/>\n<meta name=\"twitter:label1\" content=\"Est. reading time\" \/>\n\t<meta name=\"twitter:data1\" content=\"1 minute\" \/>\n<script type=\"application\/ld+json\" class=\"yoast-schema-graph\">{\"@context\":\"https:\\\/\\\/schema.org\",\"@graph\":[{\"@type\":\"WebPage\",\"@id\":\"https:\\\/\\\/staging.jemnezrozeni.cz\\\/en\\\/due-date-calculator\\\/\",\"url\":\"https:\\\/\\\/staging.jemnezrozeni.cz\\\/en\\\/due-date-calculator\\\/\",\"name\":\"Due date calculator - Jemn\u00e9 Zrozen\u00ed\",\"isPartOf\":{\"@id\":\"https:\\\/\\\/staging.jemnezrozeni.cz\\\/#website\"},\"datePublished\":\"2019-08-30T09:52:53+00:00\",\"dateModified\":\"2019-08-30T09:53:26+00:00\",\"breadcrumb\":{\"@id\":\"https:\\\/\\\/staging.jemnezrozeni.cz\\\/en\\\/due-date-calculator\\\/#breadcrumb\"},\"inLanguage\":\"en-US\",\"potentialAction\":[{\"@type\":\"ReadAction\",\"target\":[\"https:\\\/\\\/staging.jemnezrozeni.cz\\\/en\\\/due-date-calculator\\\/\"]}]},{\"@type\":\"BreadcrumbList\",\"@id\":\"https:\\\/\\\/staging.jemnezrozeni.cz\\\/en\\\/due-date-calculator\\\/#breadcrumb\",\"itemListElement\":[{\"@type\":\"ListItem\",\"position\":1,\"name\":\"Dom\u016f\",\"item\":\"https:\\\/\\\/staging.jemnezrozeni.cz\\\/en\\\/\"},{\"@type\":\"ListItem\",\"position\":2,\"name\":\"Due date calculator\"}]},{\"@type\":\"WebSite\",\"@id\":\"https:\\\/\\\/staging.jemnezrozeni.cz\\\/#website\",\"url\":\"https:\\\/\\\/staging.jemnezrozeni.cz\\\/\",\"name\":\"Jemn\u00e9 Zrozen\u00ed\",\"description\":\"Kompletn\u00ed p\u0159edporodn\u00ed p\u0159\u00edprava s Hypnoporodem\",\"publisher\":{\"@id\":\"https:\\\/\\\/staging.jemnezrozeni.cz\\\/#organization\"},\"potentialAction\":[{\"@type\":\"SearchAction\",\"target\":{\"@type\":\"EntryPoint\",\"urlTemplate\":\"https:\\\/\\\/staging.jemnezrozeni.cz\\\/?s={search_term_string}\"},\"query-input\":{\"@type\":\"PropertyValueSpecification\",\"valueRequired\":true,\"valueName\":\"search_term_string\"}}],\"inLanguage\":\"en-US\"},{\"@type\":\"Organization\",\"@id\":\"https:\\\/\\\/staging.jemnezrozeni.cz\\\/#organization\",\"name\":\"Jemn\u00e9 Zrozen\u00ed\",\"url\":\"https:\\\/\\\/staging.jemnezrozeni.cz\\\/\",\"logo\":{\"@type\":\"ImageObject\",\"inLanguage\":\"en-US\",\"@id\":\"https:\\\/\\\/staging.jemnezrozeni.cz\\\/#\\\/schema\\\/logo\\\/image\\\/\",\"url\":\"https:\\\/\\\/staging.jemnezrozeni.cz\\\/wp-content\\\/uploads\\\/2017\\\/07\\\/5105fe_e925fe50f82f46d4993b5ed5c97281a9-mv2.jpg\",\"contentUrl\":\"https:\\\/\\\/staging.jemnezrozeni.cz\\\/wp-content\\\/uploads\\\/2017\\\/07\\\/5105fe_e925fe50f82f46d4993b5ed5c97281a9-mv2.jpg\",\"width\":350,\"height\":250,\"caption\":\"Jemn\u00e9 Zrozen\u00ed\"},\"image\":{\"@id\":\"https:\\\/\\\/staging.jemnezrozeni.cz\\\/#\\\/schema\\\/logo\\\/image\\\/\"}}]}<\/script>\n<!-- \/ Yoast SEO plugin. -->","yoast_head_json":{"title":"Due date calculator - Jemn\u00e9 Zrozen\u00ed","robots":{"index":"noindex","follow":"follow","max-snippet":"max-snippet:-1","max-image-preview":"max-image-preview:large","max-video-preview":"max-video-preview:-1"},"og_locale":"en_US","og_type":"article","og_title":"Due date calculator - Jemn\u00e9 Zrozen\u00ed","og_description":"Research suggests that the duration of pregnancy may naturally vary by up to five weeks. The date of birth can be determined by calculating 280 days after the start of the last menstruation or more precisely by ultrasound. However, only 4% of women give birth on the &#8220;deadline&#8221; and only 70% within 10 days of &hellip; Continued","og_url":"https:\/\/staging.jemnezrozeni.cz\/en\/due-date-calculator\/","og_site_name":"Jemn\u00e9 Zrozen\u00ed","article_modified_time":"2019-08-30T09:53:26+00:00","twitter_card":"summary_large_image","twitter_misc":{"Est. reading time":"1 minute"},"schema":{"@context":"https:\/\/schema.org","@graph":[{"@type":"WebPage","@id":"https:\/\/staging.jemnezrozeni.cz\/en\/due-date-calculator\/","url":"https:\/\/staging.jemnezrozeni.cz\/en\/due-date-calculator\/","name":"Due date calculator - Jemn\u00e9 Zrozen\u00ed","isPartOf":{"@id":"https:\/\/staging.jemnezrozeni.cz\/#website"},"datePublished":"2019-08-30T09:52:53+00:00","dateModified":"2019-08-30T09:53:26+00:00","breadcrumb":{"@id":"https:\/\/staging.jemnezrozeni.cz\/en\/due-date-calculator\/#breadcrumb"},"inLanguage":"en-US","potentialAction":[{"@type":"ReadAction","target":["https:\/\/staging.jemnezrozeni.cz\/en\/due-date-calculator\/"]}]},{"@type":"BreadcrumbList","@id":"https:\/\/staging.jemnezrozeni.cz\/en\/due-date-calculator\/#breadcrumb","itemListElement":[{"@type":"ListItem","position":1,"name":"Dom\u016f","item":"https:\/\/staging.jemnezrozeni.cz\/en\/"},{"@type":"ListItem","position":2,"name":"Due date calculator"}]},{"@type":"WebSite","@id":"https:\/\/staging.jemnezrozeni.cz\/#website","url":"https:\/\/staging.jemnezrozeni.cz\/","name":"Jemn\u00e9 Zrozen\u00ed","description":"Kompletn\u00ed p\u0159edporodn\u00ed p\u0159\u00edprava s Hypnoporodem","publisher":{"@id":"https:\/\/staging.jemnezrozeni.cz\/#organization"},"potentialAction":[{"@type":"SearchAction","target":{"@type":"EntryPoint","urlTemplate":"https:\/\/staging.jemnezrozeni.cz\/?s={search_term_string}"},"query-input":{"@type":"PropertyValueSpecification","valueRequired":true,"valueName":"search_term_string"}}],"inLanguage":"en-US"},{"@type":"Organization","@id":"https:\/\/staging.jemnezrozeni.cz\/#organization","name":"Jemn\u00e9 Zrozen\u00ed","url":"https:\/\/staging.jemnezrozeni.cz\/","logo":{"@type":"ImageObject","inLanguage":"en-US","@id":"https:\/\/staging.jemnezrozeni.cz\/#\/schema\/logo\/image\/","url":"https:\/\/staging.jemnezrozeni.cz\/wp-content\/uploads\/2017\/07\/5105fe_e925fe50f82f46d4993b5ed5c97281a9-mv2.jpg","contentUrl":"https:\/\/staging.jemnezrozeni.cz\/wp-content\/uploads\/2017\/07\/5105fe_e925fe50f82f46d4993b5ed5c97281a9-mv2.jpg","width":350,"height":250,"caption":"Jemn\u00e9 Zrozen\u00ed"},"image":{"@id":"https:\/\/staging.jemnezrozeni.cz\/#\/schema\/logo\/image\/"}}]}},"_links":{"self":[{"href":"https:\/\/staging.jemnezrozeni.cz\/en\/wp-json\/wp\/v2\/pages\/9436","targetHints":{"allow":["GET"]}}],"collection":[{"href":"https:\/\/staging.jemnezrozeni.cz\/en\/wp-json\/wp\/v2\/pages"}],"about":[{"href":"https:\/\/staging.jemnezrozeni.cz\/en\/wp-json\/wp\/v2\/types\/page"}],"author":[{"embeddable":true,"href":"https:\/\/staging.jemnezrozeni.cz\/en\/wp-json\/wp\/v2\/users\/292"}],"replies":[{"embeddable":true,"href":"https:\/\/staging.jemnezrozeni.cz\/en\/wp-json\/wp\/v2\/comments?post=9436"}],"version-history":[{"count":0,"href":"https:\/\/staging.jemnezrozeni.cz\/en\/wp-json\/wp\/v2\/pages\/9436\/revisions"}],"wp:attachment":[{"href":"https:\/\/staging.jemnezrozeni.cz\/en\/wp-json\/wp\/v2\/media?parent=9436"}],"curies":[{"name":"wp","href":"https:\/\/api.w.org\/{rel}","templated":true}]}}