{"id":7143,"date":"2019-06-24T00:23:43","date_gmt":"2019-06-23T22:23:43","guid":{"rendered":"https:\/\/jemnezrozeni.cz\/?page_id=7143"},"modified":"2019-06-24T00:23:43","modified_gmt":"2019-06-23T22:23:43","slug":"data-processing-consent","status":"publish","type":"page","link":"https:\/\/staging.jemnezrozeni.cz\/en\/data-processing-consent\/","title":{"rendered":"Data Processing Consent"},"content":{"rendered":"\n<p>I am hereby granting\nthe company Jemn\u00e9 Zrozen\u00ed s.r.o. based in Doln\u00ed L\u00ed\u0161tn\u00e1 108, 73961 T\u0159inec,\nidentification number: 04277848, entered in the Commercial Register maintained\nby the Regional Court in Ostrava, Section C, file No. 63034, email address: info@jemnezrozeni.cz\n(hereinafter referred to as the \u201c<strong>Controller<\/strong>\u201d),\nconsent to personal data processing under the following conditions:<\/p>\n\n\n\n<ol class=\"wp-block-list\"><li><strong>Personal data to be processed (extent of\nprocessing):<\/strong><\/li><\/ol>\n\n\n\n<p>When signing up for\na course<\/p>\n\n\n\n<ul class=\"wp-block-list\"><li>name and surname,<\/li><li>mailing address,<\/li><li>email address,<\/li><li>phone number<\/li><li>estimated due date<\/li><li>By signing up for a course and paying its\nprice, you consent to photographs and videos being made during the event with\nyou, as an event participant, in them and to them being used on our website and\nmarketing materials. The photographs and videos will not contain any of .your\npersonal information, unless we explicitly agree on that.<\/li><\/ul>\n\n\n\n<p>When purchasing\nfrom the online shop:<\/p>\n\n\n\n<ul class=\"wp-block-list\"><li>name and surname,<\/li><li>mailing address,<\/li><li>email address,<\/li><li>phone number<\/li><\/ul>\n\n\n\n<p>When signing up for\na newsletter:<\/p>\n\n\n\n<ul class=\"wp-block-list\"><li>email address,<\/li><\/ul>\n\n\n\n<p>When recruiting\ninstructors:<\/p>\n\n\n\n<ul class=\"wp-block-list\"><li>name and surname,<\/li><li>mailing address,<\/li><li>email address,<\/li><li>phone number<\/li><\/ul>\n\n\n\n<ul class=\"wp-block-list\"><li><strong>The purpose of personal data processing is:<\/strong><\/li><li>Name and surname, mailing address, email\naddress \u2013 issuing and delivering an invoice \u2013 Courses, Online shop, instructor\nrecruitment<\/li><li>Phone number \u2013 organizational matters regarding\nthe course, sending out consignments \u2013 Courses, Online shop, instructor\nrecruitment<\/li><li>Email address \u2013 sending out commercial offers\nand information from the Controller \u2013 Courses, Online shop, newsletter\nsubscription, instructor recruitment<\/li><li>Estimated due date \u2013 course organization<\/li><\/ul>\n\n\n\n<ul class=\"wp-block-list\"><li><strong>The data processing period is:<\/strong><\/li><li>Name and surname, mailing address \u2013 while the\ncontractual relation lasts and 10 additional years for the reason of storing\nand recording invoices for accounting purposes, instructor recruitment<\/li><li>Email address \u2013 for five years from the moment\nof consent<\/li><li>Phone number \u2013 while the contractual relation\nlasts, instructor recruitment \u2013 for 5 years<\/li><li>Estimated due date \u2013 while the contractual\nrelation lasts<\/li><\/ul>\n\n\n\n<ul class=\"wp-block-list\"><li><strong>Consent withdrawal<\/strong><\/li><\/ul>\n\n\n\n<p>You are granting\nexplicit consent with the above stated. The consent can be withdrawn at any\ntime by sending an email to the company\u2019s address.<\/p>\n\n\n\n<ul class=\"wp-block-list\"><li><strong>Personal data can be provided to the following\nthird parties (processors):<\/strong><\/li><li>The instructor leading the course you signed up\nfor.<\/li><li>The administrator\/programmer of the Jemn\u00e9\nZrozen\u00ed s.r.o. website <\/li><li>External accounting company of Jemn\u00e9 Zrozen\u00ed\ns.r.o.<\/li><\/ul>\n\n\n\n<ul class=\"wp-block-list\"><li><strong>Information<\/strong><\/li><\/ul>\n\n\n\n<p>Please, note that according\nto the Act on Personal Data Protection and section 13 of Regulation (EU)\n2016\/679 of the European Parliament and of the Council (GDPR):<\/p>\n\n\n\n<ul class=\"wp-block-list\"><li>you have the right to withdraw your consent at\nany time,<\/li><li>you have the right to request information on\nhow your personal data is processed by the Controller,<\/li><li>you have the right to request explanation\nregarding processing of your personal data by the Controller,<\/li><li>you have the right to request access to the\npersonal data processed by the Controller and have them updated or corrected,\nor limit their processing,<\/li><li>you have the right to demand your personal data\nto be deleted,<\/li><li>you have the right to object to processing,<\/li><li>you have the right to request transfer of your\ndata to another Controller,<\/li><li>you have the right, in case of doubt related to\nobservance of the obligations regarding the processing of your personal data,\nto contact the Controller or The Office for Personal Data Protection,<\/li><li>the personal data are not subject to automated\ndecision-making including profiling,<\/li><li>the Controller has no intention to forward the Subject\u2019s\ndata to third countries, international organizations or other parties not\nstated above; this consent, therefore, does not apply to a transfer of data to\na foreign country,<\/li><li>the Controller did not appoint a data\nprotection officer, did not authorize any personal data processor or appoint a\nrepresentative to meet the obligations arising from the Regulation.<\/li><\/ul>\n\n\n\n<p>The Data Subject\ndeclares that they were duly informed about personal data processing and\nprotection, that the above stated personal data are accurate and truthful, and\nthey are provided to the Controller voluntarily and completely willingly.<\/p>\n\n\n\n<p>I declare that I have read the above and agree to all individual points.<\/p>\n\n\n\n<p><\/p>\n","protected":false},"excerpt":{"rendered":"<p>I am hereby granting the company Jemn\u00e9 Zrozen\u00ed s.r.o. based in Doln\u00ed L\u00ed\u0161tn\u00e1 108, 73961 T\u0159inec, identification number: 04277848, entered in the Commercial Register maintained by the Regional Court in Ostrava, Section C, file No. 63034, email address: info@jemnezrozeni.cz (hereinafter referred to as the \u201cController\u201d), consent to personal data processing under the following conditions: Personal &hellip; <a href=\"https:\/\/staging.jemnezrozeni.cz\/en\/data-processing-consent\/\">Continued<\/a><\/p>\n","protected":false},"author":4,"featured_media":0,"parent":0,"menu_order":0,"comment_status":"closed","ping_status":"closed","template":"","meta":{"_acf_changed":false,"footnotes":""},"class_list":["post-7143","page","type-page","status-publish","hentry"],"acf":[],"yoast_head":"<!-- This site is optimized with the Yoast SEO plugin v27.3 - https:\/\/yoast.com\/product\/yoast-seo-wordpress\/ -->\n<title>Data Processing Consent - Jemn\u00e9 Zrozen\u00ed<\/title>\n<meta name=\"robots\" content=\"noindex, follow, max-snippet:-1, max-image-preview:large, max-video-preview:-1\" \/>\n<meta property=\"og:locale\" content=\"en_US\" \/>\n<meta property=\"og:type\" content=\"article\" \/>\n<meta property=\"og:title\" content=\"Data Processing Consent - Jemn\u00e9 Zrozen\u00ed\" \/>\n<meta property=\"og:description\" content=\"I am hereby granting the company Jemn\u00e9 Zrozen\u00ed s.r.o. based in Doln\u00ed L\u00ed\u0161tn\u00e1 108, 73961 T\u0159inec, identification number: 04277848, entered in the Commercial Register maintained by the Regional Court in Ostrava, Section C, file No. 63034, email address: info@jemnezrozeni.cz (hereinafter referred to as the \u201cController\u201d), consent to personal data processing under the following conditions: Personal &hellip; Continued\" \/>\n<meta property=\"og:url\" content=\"https:\/\/staging.jemnezrozeni.cz\/en\/data-processing-consent\/\" \/>\n<meta property=\"og:site_name\" content=\"Jemn\u00e9 Zrozen\u00ed\" \/>\n<meta name=\"twitter:card\" content=\"summary_large_image\" \/>\n<meta name=\"twitter:label1\" content=\"Est. reading time\" \/>\n\t<meta name=\"twitter:data1\" content=\"3 minutes\" \/>\n<script type=\"application\/ld+json\" class=\"yoast-schema-graph\">{\"@context\":\"https:\\\/\\\/schema.org\",\"@graph\":[{\"@type\":\"WebPage\",\"@id\":\"https:\\\/\\\/staging.jemnezrozeni.cz\\\/en\\\/data-processing-consent\\\/\",\"url\":\"https:\\\/\\\/staging.jemnezrozeni.cz\\\/en\\\/data-processing-consent\\\/\",\"name\":\"Data Processing Consent - Jemn\u00e9 Zrozen\u00ed\",\"isPartOf\":{\"@id\":\"https:\\\/\\\/staging.jemnezrozeni.cz\\\/#website\"},\"datePublished\":\"2019-06-23T22:23:43+00:00\",\"breadcrumb\":{\"@id\":\"https:\\\/\\\/staging.jemnezrozeni.cz\\\/en\\\/data-processing-consent\\\/#breadcrumb\"},\"inLanguage\":\"en-US\",\"potentialAction\":[{\"@type\":\"ReadAction\",\"target\":[\"https:\\\/\\\/staging.jemnezrozeni.cz\\\/en\\\/data-processing-consent\\\/\"]}]},{\"@type\":\"BreadcrumbList\",\"@id\":\"https:\\\/\\\/staging.jemnezrozeni.cz\\\/en\\\/data-processing-consent\\\/#breadcrumb\",\"itemListElement\":[{\"@type\":\"ListItem\",\"position\":1,\"name\":\"Dom\u016f\",\"item\":\"https:\\\/\\\/staging.jemnezrozeni.cz\\\/en\\\/\"},{\"@type\":\"ListItem\",\"position\":2,\"name\":\"Data Processing Consent\"}]},{\"@type\":\"WebSite\",\"@id\":\"https:\\\/\\\/staging.jemnezrozeni.cz\\\/#website\",\"url\":\"https:\\\/\\\/staging.jemnezrozeni.cz\\\/\",\"name\":\"Jemn\u00e9 Zrozen\u00ed\",\"description\":\"Kompletn\u00ed p\u0159edporodn\u00ed p\u0159\u00edprava s Hypnoporodem\",\"publisher\":{\"@id\":\"https:\\\/\\\/staging.jemnezrozeni.cz\\\/#organization\"},\"potentialAction\":[{\"@type\":\"SearchAction\",\"target\":{\"@type\":\"EntryPoint\",\"urlTemplate\":\"https:\\\/\\\/staging.jemnezrozeni.cz\\\/?s={search_term_string}\"},\"query-input\":{\"@type\":\"PropertyValueSpecification\",\"valueRequired\":true,\"valueName\":\"search_term_string\"}}],\"inLanguage\":\"en-US\"},{\"@type\":\"Organization\",\"@id\":\"https:\\\/\\\/staging.jemnezrozeni.cz\\\/#organization\",\"name\":\"Jemn\u00e9 Zrozen\u00ed\",\"url\":\"https:\\\/\\\/staging.jemnezrozeni.cz\\\/\",\"logo\":{\"@type\":\"ImageObject\",\"inLanguage\":\"en-US\",\"@id\":\"https:\\\/\\\/staging.jemnezrozeni.cz\\\/#\\\/schema\\\/logo\\\/image\\\/\",\"url\":\"https:\\\/\\\/staging.jemnezrozeni.cz\\\/wp-content\\\/uploads\\\/2017\\\/07\\\/5105fe_e925fe50f82f46d4993b5ed5c97281a9-mv2.jpg\",\"contentUrl\":\"https:\\\/\\\/staging.jemnezrozeni.cz\\\/wp-content\\\/uploads\\\/2017\\\/07\\\/5105fe_e925fe50f82f46d4993b5ed5c97281a9-mv2.jpg\",\"width\":350,\"height\":250,\"caption\":\"Jemn\u00e9 Zrozen\u00ed\"},\"image\":{\"@id\":\"https:\\\/\\\/staging.jemnezrozeni.cz\\\/#\\\/schema\\\/logo\\\/image\\\/\"}}]}<\/script>\n<!-- \/ Yoast SEO plugin. -->","yoast_head_json":{"title":"Data Processing Consent - Jemn\u00e9 Zrozen\u00ed","robots":{"index":"noindex","follow":"follow","max-snippet":"max-snippet:-1","max-image-preview":"max-image-preview:large","max-video-preview":"max-video-preview:-1"},"og_locale":"en_US","og_type":"article","og_title":"Data Processing Consent - Jemn\u00e9 Zrozen\u00ed","og_description":"I am hereby granting the company Jemn\u00e9 Zrozen\u00ed s.r.o. based in Doln\u00ed L\u00ed\u0161tn\u00e1 108, 73961 T\u0159inec, identification number: 04277848, entered in the Commercial Register maintained by the Regional Court in Ostrava, Section C, file No. 63034, email address: info@jemnezrozeni.cz (hereinafter referred to as the \u201cController\u201d), consent to personal data processing under the following conditions: Personal &hellip; Continued","og_url":"https:\/\/staging.jemnezrozeni.cz\/en\/data-processing-consent\/","og_site_name":"Jemn\u00e9 Zrozen\u00ed","twitter_card":"summary_large_image","twitter_misc":{"Est. reading time":"3 minutes"},"schema":{"@context":"https:\/\/schema.org","@graph":[{"@type":"WebPage","@id":"https:\/\/staging.jemnezrozeni.cz\/en\/data-processing-consent\/","url":"https:\/\/staging.jemnezrozeni.cz\/en\/data-processing-consent\/","name":"Data Processing Consent - Jemn\u00e9 Zrozen\u00ed","isPartOf":{"@id":"https:\/\/staging.jemnezrozeni.cz\/#website"},"datePublished":"2019-06-23T22:23:43+00:00","breadcrumb":{"@id":"https:\/\/staging.jemnezrozeni.cz\/en\/data-processing-consent\/#breadcrumb"},"inLanguage":"en-US","potentialAction":[{"@type":"ReadAction","target":["https:\/\/staging.jemnezrozeni.cz\/en\/data-processing-consent\/"]}]},{"@type":"BreadcrumbList","@id":"https:\/\/staging.jemnezrozeni.cz\/en\/data-processing-consent\/#breadcrumb","itemListElement":[{"@type":"ListItem","position":1,"name":"Dom\u016f","item":"https:\/\/staging.jemnezrozeni.cz\/en\/"},{"@type":"ListItem","position":2,"name":"Data Processing Consent"}]},{"@type":"WebSite","@id":"https:\/\/staging.jemnezrozeni.cz\/#website","url":"https:\/\/staging.jemnezrozeni.cz\/","name":"Jemn\u00e9 Zrozen\u00ed","description":"Kompletn\u00ed p\u0159edporodn\u00ed p\u0159\u00edprava s Hypnoporodem","publisher":{"@id":"https:\/\/staging.jemnezrozeni.cz\/#organization"},"potentialAction":[{"@type":"SearchAction","target":{"@type":"EntryPoint","urlTemplate":"https:\/\/staging.jemnezrozeni.cz\/?s={search_term_string}"},"query-input":{"@type":"PropertyValueSpecification","valueRequired":true,"valueName":"search_term_string"}}],"inLanguage":"en-US"},{"@type":"Organization","@id":"https:\/\/staging.jemnezrozeni.cz\/#organization","name":"Jemn\u00e9 Zrozen\u00ed","url":"https:\/\/staging.jemnezrozeni.cz\/","logo":{"@type":"ImageObject","inLanguage":"en-US","@id":"https:\/\/staging.jemnezrozeni.cz\/#\/schema\/logo\/image\/","url":"https:\/\/staging.jemnezrozeni.cz\/wp-content\/uploads\/2017\/07\/5105fe_e925fe50f82f46d4993b5ed5c97281a9-mv2.jpg","contentUrl":"https:\/\/staging.jemnezrozeni.cz\/wp-content\/uploads\/2017\/07\/5105fe_e925fe50f82f46d4993b5ed5c97281a9-mv2.jpg","width":350,"height":250,"caption":"Jemn\u00e9 Zrozen\u00ed"},"image":{"@id":"https:\/\/staging.jemnezrozeni.cz\/#\/schema\/logo\/image\/"}}]}},"_links":{"self":[{"href":"https:\/\/staging.jemnezrozeni.cz\/en\/wp-json\/wp\/v2\/pages\/7143","targetHints":{"allow":["GET"]}}],"collection":[{"href":"https:\/\/staging.jemnezrozeni.cz\/en\/wp-json\/wp\/v2\/pages"}],"about":[{"href":"https:\/\/staging.jemnezrozeni.cz\/en\/wp-json\/wp\/v2\/types\/page"}],"author":[{"embeddable":true,"href":"https:\/\/staging.jemnezrozeni.cz\/en\/wp-json\/wp\/v2\/users\/4"}],"replies":[{"embeddable":true,"href":"https:\/\/staging.jemnezrozeni.cz\/en\/wp-json\/wp\/v2\/comments?post=7143"}],"version-history":[{"count":0,"href":"https:\/\/staging.jemnezrozeni.cz\/en\/wp-json\/wp\/v2\/pages\/7143\/revisions"}],"wp:attachment":[{"href":"https:\/\/staging.jemnezrozeni.cz\/en\/wp-json\/wp\/v2\/media?parent=7143"}],"curies":[{"name":"wp","href":"https:\/\/api.w.org\/{rel}","templated":true}]}}